{"id":1221,"date":"2025-12-19T11:22:29","date_gmt":"2025-12-19T09:22:29","guid":{"rendered":"https:\/\/www.rjrs.ase.ro\/?page_id=1221"},"modified":"2025-12-19T11:24:28","modified_gmt":"2025-12-19T09:24:28","slug":"vol-19-no-1-summer-2025","status":"publish","type":"page","link":"https:\/\/www.rjrs.ase.ro\/index.php\/archive\/vol-19-no-1-summer-2025\/","title":{"rendered":"Vol.19, No. 1, Summer 2025"},"content":{"rendered":"\n<p>All articles are downloadable<\/p>\n\n\n\n<p><a href=\"https:\/\/www.rjrs.ase.ro\/index.php\/volume-19-no-1-article-no-1\/\" target=\"_blank\" rel=\"noreferrer noopener\"><strong>Economic and political dependencies in cultural voting: A gravity model analysis of Eurovision \u25cf pp. 1-19<\/strong><\/a><\/p>\n\n\n\n<p>by <strong><em>Alina M. Schoenberg, <\/em><\/strong>IMC Krems University of Applied Sciences, Austria, <strong><em>Dimitrios G. Ierapetritis<\/em><\/strong>, IMC Krems University of Applied Sciences, Austria and Panteion University of Social and Political Sciences, Athens, Greece, <strong><em>Chiara Foramitti<\/em><\/strong>, IMC Krems University of Applied Sciences and Austrian Integration Fund, Austria, <strong><em>Christopher Schwand<\/em><\/strong>, IMC Krems University of Applied Sciences, Austria<\/p>\n\n\n\n<p><a href=\"https:\/\/www.rjrs.ase.ro\/index.php\/volume-19-no-1-article-no-2\/\" target=\"_blank\" rel=\"noreferrer noopener\"><strong>A new composite index of social inequalities in Romania \u25cf pp. 20-50<\/strong><\/a><\/p>\n\n\n\n<p>by <strong><em>Mihai Antonia, <\/em><\/strong>Bucharest University of Economic Studies and Institute of National Economy, <strong><em>Zizi Goschin<\/em><\/strong>, Institute of National Economy, Romania<\/p>\n\n\n\n<p><a href=\"https:\/\/www.rjrs.ase.ro\/index.php\/volume-19-no-1-article-no-3\/\" target=\"_blank\" rel=\"noreferrer noopener\"><strong>A NUTS 3 level socio-economic analysis using multivariate methods \u25cf pp. 51-86<\/strong><\/a><\/p>\n\n\n\n<p>by<strong> <em>Kriszti\u00e1n Ritter, <\/em><\/strong>Hungarian University of Agriculture and Life Sciences, Institute of Rural Development and Sustainable Economy, Department of Rural- and Regional Development, G\u00f6d\u00f6ll\u0151, , <strong><em>Orsolya Varga<\/em><\/strong>, Hungarian University of Agriculture and Life Sciences, Doctoral School of Economics and Regional Sciences, G\u00f6d\u00f6ll\u0151, Hungary<\/p>\n\n\n\n<p><a href=\"https:\/\/www.rjrs.ase.ro\/index.php\/volume-19-no-1-article-no-4\/\" target=\"_blank\" rel=\"noreferrer noopener\"><strong>Criminality and apartment prices: A study for Rio de Janeiro, Brazil \u25cf pp. 87-120<\/strong><\/a><\/p>\n\n\n\n<p>by<strong><em> Luiz Andr\u00e9s Ribeiro Paix<\/em>\u00e3o<em>, <\/em><\/strong>Federal University of Rio de Janeiro (UFRJ) and The Brazilian Institute of Geography and Statistics (IBGE), Brazil<\/p>\n\n\n\n<p><a href=\"https:\/\/www.rjrs.ase.ro\/index.php\/volume-19-no-1-article-no-5\/\" target=\"_blank\" rel=\"noreferrer noopener\"><strong>Comparative sustainability and resilience assessment in the EU27 countries  \u25cf pp. 121-146<\/strong><\/a><\/p>\n\n\n\n<p>by<strong> <em>Alexandra-Nicoleta Ciucu (Durnoi), <\/em><\/strong>Institute for Economic Forecasting and Bucharest University of Economic Studies, <strong><em>Carmen Beatrice Pauna<\/em><\/strong>, Institute for Economic Forecasting, Romania<\/p>\n\n\n\n<p>&nbsp;<\/p>\n\n\n\n<p><strong>BOOK REVIEW<\/strong><\/p>\n\n\n\n<p><a href=\"https:\/\/www.rjrs.ase.ro\/index.php\/volume-19-no-1-book-review\/\" target=\"_blank\" rel=\"noreferrer noopener\"><strong>S\u00e9bastien Bourdin, Andr\u00e9 Torre and Eveline van Leeuwen (Editors),&nbsp; <em>Regions, Cities and Circular Economy: Theory and Practice<\/em>, Edward Elgar, 2024 \u25cf pp. 147-150<\/strong><\/a><\/p>\n\n\n\n<p>by&nbsp;<strong><em>Claude Lacour<\/em><\/strong>, Universit\u00e9 de Bordeaux, France<\/p>\n","protected":false},"excerpt":{"rendered":"<p>All articles are downloadable Economic and political dependencies in cultural voting: A gravity model analysis of Eurovision \u25cf pp. 1-19 by Alina M. Schoenberg, IMC Krems University of Applied Sciences,&nbsp;[ &hellip; ]<\/p>\n","protected":false},"author":13,"featured_media":0,"parent":31,"menu_order":0,"comment_status":"closed","ping_status":"closed","template":"","meta":{"footnotes":""},"class_list":["post-1221","page","type-page","status-publish","hentry","list-style-post"],"_links":{"self":[{"href":"https:\/\/www.rjrs.ase.ro\/index.php\/wp-json\/wp\/v2\/pages\/1221","targetHints":{"allow":["GET"]}}],"collection":[{"href":"https:\/\/www.rjrs.ase.ro\/index.php\/wp-json\/wp\/v2\/pages"}],"about":[{"href":"https:\/\/www.rjrs.ase.ro\/index.php\/wp-json\/wp\/v2\/types\/page"}],"author":[{"embeddable":true,"href":"https:\/\/www.rjrs.ase.ro\/index.php\/wp-json\/wp\/v2\/users\/13"}],"replies":[{"embeddable":true,"href":"https:\/\/www.rjrs.ase.ro\/index.php\/wp-json\/wp\/v2\/comments?post=1221"}],"version-history":[{"count":2,"href":"https:\/\/www.rjrs.ase.ro\/index.php\/wp-json\/wp\/v2\/pages\/1221\/revisions"}],"predecessor-version":[{"id":1224,"href":"https:\/\/www.rjrs.ase.ro\/index.php\/wp-json\/wp\/v2\/pages\/1221\/revisions\/1224"}],"up":[{"embeddable":true,"href":"https:\/\/www.rjrs.ase.ro\/index.php\/wp-json\/wp\/v2\/pages\/31"}],"wp:attachment":[{"href":"https:\/\/www.rjrs.ase.ro\/index.php\/wp-json\/wp\/v2\/media?parent=1221"}],"curies":[{"name":"wp","href":"https:\/\/api.w.org\/{rel}","templated":true}]}}