{"id":25,"date":"2017-03-01T21:20:13","date_gmt":"2017-03-01T21:20:13","guid":{"rendered":"http:\/\/rjrs.ase.ro\/?page_id=25"},"modified":"2025-12-19T14:18:56","modified_gmt":"2025-12-19T12:18:56","slug":"editorial-board","status":"publish","type":"page","link":"http:\/\/www.rjrs.ase.ro\/index.php\/editorial-board\/","title":{"rendered":"EDITORIAL BOARD"},"content":{"rendered":"\n<p><strong>SCIENTIFIC DIRECTOR<\/strong><br \/>DANIELA-LUMINITA CONSTANTIN, Bucharest University of Economic Studies, Romania<\/p>\n<p><strong>EDITORS<\/strong><\/p>\n<p><strong>Editor-in-Chief<br \/><\/strong>ZIZI GOSCHIN, Institute of National Economy, Romanian Academy, Romania<\/p>\n<p><strong>Editors<\/strong><\/p>\n<p>\nS\u00c9BASTIEN BOURDIN, EM Normandie Business School, France<br \/>\nZOLT\u00c1N G\u00c1L, University of P\u00e9cs, Hungary<br \/>\nSIERDJAN KOSTER, University of Groningen, the Netherlands<br \/>\nILARIA MARIOTTI, Politecnico di Milano, Italy<br \/>\nCARMEN BEATRICE PAUNA, Institute of Economic Forecasting, Romanian Academy, Bucharest, Romania <br \/>\nALINA IRINA POPESCU, Bucharest University of Economic Studies, Romania<br \/>\nCRISTINA SERBANICA, Constantin Brancoveanu University, Pitesti, Romania<br \/>\nPETRA STAUFER-STEINNOCHER, Vienna University of Economics, Austria<\/p>\n\n<p><strong>Associate Editors<\/strong><\/p>\n<p>ROMANA CRAMARENCO, Babes-Bolyai University of Cluj-Napoca, Romania<br \/>\nCLAUDIU HERTELIU, Bucharest University of Economic Studies, Romania<br \/>\nBALAZS PAGER, Centre for Economic and Regional Studies, Pecs, Hungary<br \/>\nMACIEJ TURALA, University of Lodz, Poland<br \/>\n<\/p>\n<p><strong>Executive Editor<\/strong><\/p>\n<p>\nHORA\u021aIU-GABRIEL \u021aIBREA-MARCU, Bucharest University of Economic Studies, Romania\n<\/p>\n<p><strong>INTERNATIONAL ADVISORY BOARD<\/strong><\/p>\n<p>\nPETER W.J. BATEY, University of Liverpool, U.K.<br \/>\nEWA BOJAR, Lublin Technological University, Poland <br \/>\nROBERTA CAPELLO, Polytechnic of Milan, Italy <br \/>\nPAUL CHESHIRE, London School of Economics, U.K. <br \/>\nMARIA DACOSTA, University of Wisconsin at Eau Claire, U.S. <br \/>\nJUAN R. CUADRADO-ROURA, University of Alcala, Madrid, Spain <br \/>\nTOMAZ PONCE DENTINHO, University of Azores, Portugal <br \/>\nJOAQUIM J.M. GUILHOTO, University of Sao Paulo, Brazil <br \/>\nTAKEO IHARA, University of Kitakyushu, Japan <br \/>\nMANFRED M. FISCHER, Vienna University of Economics, Austria <br \/>\nGEOFFREY J.D. HEWINGS, University of Illinois at Urbana-Champaign, U.S. <br \/>\nAUREL IANCU, Member of the Romanian Academy, Romania <br \/>\nVICTOR-ROMEO IONESCU, \u201cDunarea de Jos\u201d University of Galati, Romania <br \/>\nNICOLAE ISTUDOR, Bucharest University of Economic Studies, Romania <br \/>\nDORIN JULA, Institute for Economic Forecasting, Romanian Academy, Romania <br \/>\nJAN KOWALSKI, Karlsruhe Institute of Technology, Germany <br \/>\nPHILIP MCCANN, Manchester University, U.K. <br \/>\nROSELLA NICOLINI, Autonomous University of Barcelona, Spain <br \/>\nPETER NIJKAMP, Free University of Amsterdam,\u00a0The\u00a0Netherlands <\/br\nGABRIELA PASCARIU, \u201cAl.I.Cuza\u201d University of Iasi, Romania <br \/>\nGEORGE PETRAKOS, University of Thessaly, Volos, Greece <br \/>\nMARILEN PIRTEA, West University of Timisoara, Romania <br \/>\nMARCO PLATANIA, University of Catania, Italy <br \/>\nMARIUS PROFIROIU, Bucharest University of Economic Studies, Romania <br \/>\nANDR\u00c9S RODRIGUEZ-POSE, London School of Economics, U.K. <br \/>\nALINA SCHOENBERG, IMC Fachhochschule Krems, Austria <br \/>\nBESA SHAHINI, University of Tirana, Albania <br \/>\nROBERT STIMSON, University of Queensland, Brisbane, Australia <br \/>\nANDR\u00c9 TORRE, University Paris-Saclay, France <br \/>\nJOUKE VAN DIJK, University of Groningen, The Netherlands <br \/>\n<\/p>\n<p>\n\n\n<\/p>","protected":false},"excerpt":{"rendered":"<p>SCIENTIFIC DIRECTORDANIELA-LUMINITA CONSTANTIN, Bucharest University of Economic Studies, Romania EDITORS Editor-in-ChiefZIZI GOSCHIN, Institute of National Economy, Romanian Academy, Romania Editors S\u00c9BASTIEN BOURDIN, EM Normandie Business School, France ZOLT\u00c1N G\u00c1L, University&nbsp;[ &hellip; ]<\/p>\n","protected":false},"author":1,"featured_media":0,"parent":0,"menu_order":0,"comment_status":"closed","ping_status":"closed","template":"","meta":{"footnotes":""},"class_list":["post-25","page","type-page","status-publish","hentry","list-style-post"],"_links":{"self":[{"href":"http:\/\/www.rjrs.ase.ro\/index.php\/wp-json\/wp\/v2\/pages\/25","targetHints":{"allow":["GET"]}}],"collection":[{"href":"http:\/\/www.rjrs.ase.ro\/index.php\/wp-json\/wp\/v2\/pages"}],"about":[{"href":"http:\/\/www.rjrs.ase.ro\/index.php\/wp-json\/wp\/v2\/types\/page"}],"author":[{"embeddable":true,"href":"http:\/\/www.rjrs.ase.ro\/index.php\/wp-json\/wp\/v2\/users\/1"}],"replies":[{"embeddable":true,"href":"http:\/\/www.rjrs.ase.ro\/index.php\/wp-json\/wp\/v2\/comments?post=25"}],"version-history":[{"count":81,"href":"http:\/\/www.rjrs.ase.ro\/index.php\/wp-json\/wp\/v2\/pages\/25\/revisions"}],"predecessor-version":[{"id":1248,"href":"http:\/\/www.rjrs.ase.ro\/index.php\/wp-json\/wp\/v2\/pages\/25\/revisions\/1248"}],"wp:attachment":[{"href":"http:\/\/www.rjrs.ase.ro\/index.php\/wp-json\/wp\/v2\/media?parent=25"}],"curies":[{"name":"wp","href":"https:\/\/api.w.org\/{rel}","templated":true}]}}